{"id":377,"date":"2026-02-16T17:10:39","date_gmt":"2026-02-16T17:10:39","guid":{"rendered":"https:\/\/crisvidalpeluqueria.com\/?page_id=377"},"modified":"2026-02-23T19:14:41","modified_gmt":"2026-02-23T19:14:41","slug":"nosotros","status":"publish","type":"page","link":"https:\/\/crisvidalpeluqueria.com\/index.php\/nosotros\/","title":{"rendered":"Nosotros"},"content":{"rendered":"\t\t<div data-elementor-type=\"wp-page\" data-elementor-id=\"377\" class=\"elementor elementor-377\">\n\t\t\t\t<div class=\"elementor-element elementor-element-iu7make e-flex e-con-boxed jltma-glass-effect-no e-con e-parent\" data-id=\"iu7make\" data-element_type=\"container\" data-settings=\"{&quot;background_background&quot;:&quot;classic&quot;}\">\n\t\t\t\t\t<div class=\"e-con-inner\">\n\t\t<div class=\"elementor-element elementor-element-ccdde62 e-con-full e-flex jltma-glass-effect-no e-con e-child\" data-id=\"ccdde62\" data-element_type=\"container\">\n\t\t\t\t<div class=\"elementor-element elementor-element-33081de jltma-glass-effect-no elementor-widget elementor-widget-heading\" data-id=\"33081de\" data-element_type=\"widget\" data-widget_type=\"heading.default\">\n\t\t\t\t\t<h2 class=\"elementor-heading-title elementor-size-default\">Con\u00f3ceme<\/h2>\t\t\t\t<\/div>\n\t\t\t\t<div class=\"elementor-element elementor-element-ab240aa jltma-glass-effect-no elementor-widget elementor-widget-text-editor\" data-id=\"ab240aa\" data-element_type=\"widget\" data-widget_type=\"text-editor.default\">\n\t\t\t\t\t\t\t\t\t<p>Mi pasi\u00f3n por la peluquer\u00eda nace en la infancia y se perfecciona a lo largo de una s\u00f3lida trayectoria profesional. Tras a\u00f1os de experiencia en salones de referencia y una formaci\u00f3n continua junto a estilistas de prestigio, nace el proyecto de crear un espacio exclusivo donde se fusionan <strong>t\u00e9cnica, creatividad y excelencia en el cuidado del cabello.<\/strong><\/p><p>En nuestro sal\u00f3n ofrecemos una<strong> atenci\u00f3n totalmente personalizada<\/strong>, dise\u00f1ada para realzar la belleza de cada cliente, en un ambiente sofisticado y relajado, con el compromiso de proporcionar <strong>resultados impecables y una experiencia \u00fanica<\/strong>.<\/p>\t\t\t\t\t\t\t\t<\/div>\n\t\t\t\t<div class=\"elementor-element elementor-element-cc4ed88 elementor-align-left jltma-glass-effect-no elementor-widget elementor-widget-button\" data-id=\"cc4ed88\" data-element_type=\"widget\" data-widget_type=\"button.default\">\n\t\t\t\t\t\t\t\t\t\t<a class=\"elementor-button elementor-button-link elementor-size-sm\" href=\"https:\/\/wa.me\/34633737383?text=Hola%21%20me%20gustar%C3%ADa%20coger%20cita%21%20Gracias.\">\n\t\t\t\t\t\t<span class=\"elementor-button-content-wrapper\">\n\t\t\t\t\t\t\t\t\t<span class=\"elementor-button-text\">Reservar cita<\/span>\n\t\t\t\t\t<\/span>\n\t\t\t\t\t<\/a>\n\t\t\t\t\t\t\t\t<\/div>\n\t\t\t\t<\/div>\n\t\t<div class=\"elementor-element elementor-element-3df323d e-con-full e-flex jltma-glass-effect-no e-con e-child\" data-id=\"3df323d\" data-element_type=\"container\">\n\t\t\t\t<div class=\"elementor-element elementor-element-4ee2c81 jltma-glass-effect-no elementor-widget elementor-widget-image\" data-id=\"4ee2c81\" data-element_type=\"widget\" data-widget_type=\"image.default\">\n\t\t\t\t\t\t\t\t\t\t\t\t\t\t\t<img fetchpriority=\"high\" decoding=\"async\" width=\"1080\" height=\"1350\" src=\"https:\/\/crisvidalpeluqueria.com\/wp-content\/uploads\/2026\/02\/Web-cris-vidal-10.png\" class=\"attachment-full size-full wp-image-255\" alt=\"\" srcset=\"https:\/\/crisvidalpeluqueria.com\/wp-content\/uploads\/2026\/02\/Web-cris-vidal-10.png 1080w, https:\/\/crisvidalpeluqueria.com\/wp-content\/uploads\/2026\/02\/Web-cris-vidal-10-240x300.png 240w, https:\/\/crisvidalpeluqueria.com\/wp-content\/uploads\/2026\/02\/Web-cris-vidal-10-819x1024.png 819w, https:\/\/crisvidalpeluqueria.com\/wp-content\/uploads\/2026\/02\/Web-cris-vidal-10-768x960.png 768w\" sizes=\"(max-width: 1080px) 100vw, 1080px\" \/>\t\t\t\t\t\t\t\t\t\t\t\t\t\t\t<\/div>\n\t\t\t\t<\/div>\n\t\t\t\t\t<\/div>\n\t\t\t\t<\/div>\n\t\t\t\t<section class=\"elementor-section elementor-top-section elementor-element elementor-element-mnwhimh elementor-section-content-middle elementor-section-boxed elementor-section-height-default elementor-section-height-default jltma-glass-effect-no\" data-id=\"mnwhimh\" data-element_type=\"section\" data-settings=\"{&quot;background_background&quot;:&quot;classic&quot;}\">\n\t\t\t\t\t\t<div class=\"elementor-container elementor-column-gap-no\">\n\t\t\t\t\t<div class=\"elementor-column elementor-col-100 elementor-top-column elementor-element elementor-element-d271390 jltma-glass-effect-no\" data-id=\"d271390\" data-element_type=\"column\">\n\t\t\t<div class=\"elementor-widget-wrap elementor-element-populated\">\n\t\t\t\t\t\t<div class=\"elementor-element elementor-element-6969fc0 jltma-glass-effect-no elementor-widget elementor-widget-heading\" data-id=\"6969fc0\" data-element_type=\"widget\" data-widget_type=\"heading.default\">\n\t\t\t\t\t<h3 class=\"elementor-heading-title elementor-size-medium\">ESCR\u00cdBENOS: crisvidalpeluqueria@gmail.com<\/h3>\t\t\t\t<\/div>\n\t\t\t\t<div class=\"elementor-element elementor-element-93dcb1b elementor-widget-divider--view-line jltma-glass-effect-no elementor-widget elementor-widget-divider\" data-id=\"93dcb1b\" data-element_type=\"widget\" data-widget_type=\"divider.default\">\n\t\t\t\t\t\t\t<div class=\"elementor-divider\">\n\t\t\t<span class=\"elementor-divider-separator\">\n\t\t\t\t\t\t<\/span>\n\t\t<\/div>\n\t\t\t\t\t\t<\/div>\n\t\t\t\t<div class=\"elementor-element elementor-element-853a50b jltma-glass-effect-no elementor-widget elementor-widget-heading\" data-id=\"853a50b\" data-element_type=\"widget\" data-widget_type=\"heading.default\">\n\t\t\t\t\t<div class=\"elementor-heading-title elementor-size-default\">WHATSAPP: +34 633 737 383<\/div>\t\t\t\t<\/div>\n\t\t\t\t\t<\/div>\n\t\t<\/div>\n\t\t\t\t\t<\/div>\n\t\t<\/section>\n\t\t\t\t<\/div>\n\t\t","protected":false},"excerpt":{"rendered":"<p>Con\u00f3ceme Mi pasi\u00f3n por la peluquer\u00eda nace en la infancia y se perfecciona a lo largo de una s\u00f3lida trayectoria [&hellip;]<\/p>\n","protected":false},"author":1,"featured_media":0,"parent":0,"menu_order":0,"comment_status":"closed","ping_status":"closed","template":"","meta":{"_eb_attr":"","site-sidebar-layout":"no-sidebar","site-content-layout":"","ast-site-content-layout":"full-width-container","site-content-style":"default","site-sidebar-style":"default","ast-global-header-display":"","ast-banner-title-visibility":"","ast-main-header-display":"","ast-hfb-above-header-display":"","ast-hfb-below-header-display":"","ast-hfb-mobile-header-display":"","site-post-title":"disabled","ast-breadcrumbs-content":"","ast-featured-img":"disabled","footer-sml-layout":"","ast-disable-related-posts":"","theme-transparent-header-meta":"","adv-header-id-meta":"","stick-header-meta":"","header-above-stick-meta":"","header-main-stick-meta":"","header-below-stick-meta":"","astra-migrate-meta-layouts":"default","ast-page-background-enabled":"default","ast-page-background-meta":{"desktop":{"background-color":"var(--ast-global-color-5)","background-image":"","background-repeat":"repeat","background-position":"center center","background-size":"auto","background-attachment":"scroll","background-type":"","background-media":"","overlay-type":"","overlay-color":"","overlay-opacity":"","overlay-gradient":""},"tablet":{"background-color":"","background-image":"","background-repeat":"repeat","background-position":"center center","background-size":"auto","background-attachment":"scroll","background-type":"","background-media":"","overlay-type":"","overlay-color":"","overlay-opacity":"","overlay-gradient":""},"mobile":{"background-color":"","background-image":"","background-repeat":"repeat","background-position":"center center","background-size":"auto","background-attachment":"scroll","background-type":"","background-media":"","overlay-type":"","overlay-color":"","overlay-opacity":"","overlay-gradient":""}},"ast-content-background-meta":{"desktop":{"background-color":"var(--ast-global-color-4)","background-image":"","background-repeat":"repeat","background-position":"center center","background-size":"auto","background-attachment":"scroll","background-type":"","background-media":"","overlay-type":"","overlay-color":"","overlay-opacity":"","overlay-gradient":""},"tablet":{"background-color":"var(--ast-global-color-4)","background-image":"","background-repeat":"repeat","background-position":"center center","background-size":"auto","background-attachment":"scroll","background-type":"","background-media":"","overlay-type":"","overlay-color":"","overlay-opacity":"","overlay-gradient":""},"mobile":{"background-color":"var(--ast-global-color-4)","background-image":"","background-repeat":"repeat","background-position":"center center","background-size":"auto","background-attachment":"scroll","background-type":"","background-media":"","overlay-type":"","overlay-color":"","overlay-opacity":"","overlay-gradient":""}},"footnotes":""},"class_list":["post-377","page","type-page","status-publish","hentry"],"_links":{"self":[{"href":"https:\/\/crisvidalpeluqueria.com\/index.php\/wp-json\/wp\/v2\/pages\/377","targetHints":{"allow":["GET"]}}],"collection":[{"href":"https:\/\/crisvidalpeluqueria.com\/index.php\/wp-json\/wp\/v2\/pages"}],"about":[{"href":"https:\/\/crisvidalpeluqueria.com\/index.php\/wp-json\/wp\/v2\/types\/page"}],"author":[{"embeddable":true,"href":"https:\/\/crisvidalpeluqueria.com\/index.php\/wp-json\/wp\/v2\/users\/1"}],"replies":[{"embeddable":true,"href":"https:\/\/crisvidalpeluqueria.com\/index.php\/wp-json\/wp\/v2\/comments?post=377"}],"version-history":[{"count":22,"href":"https:\/\/crisvidalpeluqueria.com\/index.php\/wp-json\/wp\/v2\/pages\/377\/revisions"}],"predecessor-version":[{"id":548,"href":"https:\/\/crisvidalpeluqueria.com\/index.php\/wp-json\/wp\/v2\/pages\/377\/revisions\/548"}],"wp:attachment":[{"href":"https:\/\/crisvidalpeluqueria.com\/index.php\/wp-json\/wp\/v2\/media?parent=377"}],"curies":[{"name":"wp","href":"https:\/\/api.w.org\/{rel}","templated":true}]}}